{"id":1268,"date":"2026-03-30T17:55:50","date_gmt":"2026-03-30T15:55:50","guid":{"rendered":"https:\/\/remifuret.fr\/?page_id=1268"},"modified":"2026-03-30T18:02:57","modified_gmt":"2026-03-30T16:02:57","slug":"elementor-1268","status":"publish","type":"page","link":"https:\/\/remifuret.fr\/?page_id=1268","title":{"rendered":"Mentions l\u00e9gales"},"content":{"rendered":"\t\t<div data-elementor-type=\"wp-page\" data-elementor-id=\"1268\" class=\"elementor elementor-1268\">\n\t\t\t\t<div class=\"elementor-element elementor-element-0e4c96e e-flex e-con-boxed e-con e-parent\" data-id=\"0e4c96e\" data-element_type=\"container\" data-e-type=\"container\" data-settings=\"{&quot;background_background&quot;:&quot;gradient&quot;}\">\n\t\t\t\t\t<div class=\"e-con-inner\">\n\t\t\t\t<div class=\"elementor-element elementor-element-b3f397e elementor-widget elementor-widget-heading\" data-id=\"b3f397e\" data-element_type=\"widget\" data-e-type=\"widget\" data-widget_type=\"heading.default\">\n\t\t\t\t<div class=\"elementor-widget-container\">\n\t\t\t\t\t<h2 class=\"elementor-heading-title elementor-size-default\">Mentions l\u00e9gales<\/h2>\t\t\t\t<\/div>\n\t\t\t\t<\/div>\n\t\t\t\t<div class=\"elementor-element elementor-element-e631cc5 elementor-widget elementor-widget-text-editor\" data-id=\"e631cc5\" data-element_type=\"widget\" data-e-type=\"widget\" data-widget_type=\"text-editor.default\">\n\t\t\t\t<div class=\"elementor-widget-container\">\n\t\t\t\t\t\t\t\t\t<p><span style=\"text-decoration: underline;\"><strong>\u00c9diteur du site :<\/strong><\/span><br \/>Nom : R\u00e9mi Albertucci<br \/>Statut : \u00c9diteur non professionnel <br \/>Email : remi.albertucci@outlook.com<\/p><p>Localisation : Montpellier<\/p><p><span style=\"text-decoration: underline;\"><strong>H\u00e9bergement :<\/strong><\/span><br \/>Ce site est auto-h\u00e9berg\u00e9 par l&rsquo;\u00e9diteur du site.<\/p><p><span style=\"text-decoration: underline;\"><strong>Propri\u00e9t\u00e9 intellectuelle :<\/strong><\/span><br \/>L\u2019ensemble des contenus pr\u00e9sents sur ce site (textes, images, projets) sont la propri\u00e9t\u00e9 de R\u00e9mi Furet, sauf mention contraire. <br \/>Toute reproduction est interdite sans autorisation pr\u00e9alable.<\/p><p><span style=\"text-decoration: underline;\"><strong>Propri\u00e9t\u00e9 intellectuelle :\u00a0<\/strong><\/span><br \/>L\u2019ensemble des contenus pr\u00e9sents sur ce site (textes, images, projets) sont la propri\u00e9t\u00e9 de R\u00e9mi Furet, sauf mention contraire. <br \/>Toute reproduction est interdite sans autorisation pr\u00e9alable.<\/p>\t\t\t\t\t\t\t\t<\/div>\n\t\t\t\t<\/div>\n\t\t\t\t\t<\/div>\n\t\t\t\t<\/div>\n\t\t\t\t<\/div>\n\t\t","protected":false},"excerpt":{"rendered":"<p>Mentions l\u00e9gales \u00c9diteur du site :Nom : R\u00e9mi AlbertucciStatut : \u00c9diteur non professionnel Email : remi.albertucci@outlook.com Localisation : Montpellier H\u00e9bergement :Ce site est auto-h\u00e9berg\u00e9 par l&rsquo;\u00e9diteur du site. Propri\u00e9t\u00e9 intellectuelle :L\u2019ensemble des contenus pr\u00e9sents sur ce site (textes, images, projets) sont la propri\u00e9t\u00e9 de R\u00e9mi Furet, sauf mention contraire. Toute reproduction est interdite sans autorisation [&hellip;]<\/p>\n","protected":false},"author":1,"featured_media":0,"parent":0,"menu_order":0,"comment_status":"closed","ping_status":"closed","template":"","meta":{"footnotes":""},"class_list":["post-1268","page","type-page","status-publish","hentry","entry"],"_links":{"self":[{"href":"https:\/\/remifuret.fr\/index.php?rest_route=\/wp\/v2\/pages\/1268","targetHints":{"allow":["GET"]}}],"collection":[{"href":"https:\/\/remifuret.fr\/index.php?rest_route=\/wp\/v2\/pages"}],"about":[{"href":"https:\/\/remifuret.fr\/index.php?rest_route=\/wp\/v2\/types\/page"}],"author":[{"embeddable":true,"href":"https:\/\/remifuret.fr\/index.php?rest_route=\/wp\/v2\/users\/1"}],"replies":[{"embeddable":true,"href":"https:\/\/remifuret.fr\/index.php?rest_route=%2Fwp%2Fv2%2Fcomments&post=1268"}],"version-history":[{"count":8,"href":"https:\/\/remifuret.fr\/index.php?rest_route=\/wp\/v2\/pages\/1268\/revisions"}],"predecessor-version":[{"id":1277,"href":"https:\/\/remifuret.fr\/index.php?rest_route=\/wp\/v2\/pages\/1268\/revisions\/1277"}],"wp:attachment":[{"href":"https:\/\/remifuret.fr\/index.php?rest_route=%2Fwp%2Fv2%2Fmedia&parent=1268"}],"curies":[{"name":"wp","href":"https:\/\/api.w.org\/{rel}","templated":true}]}}