{"id":1283,"date":"2026-03-30T18:35:10","date_gmt":"2026-03-30T16:35:10","guid":{"rendered":"https:\/\/remifuret.fr\/?page_id=1283"},"modified":"2026-04-29T18:19:37","modified_gmt":"2026-04-29T16:19:37","slug":"politique-de-confidentialite","status":"publish","type":"page","link":"https:\/\/remifuret.fr\/?page_id=1283","title":{"rendered":"Politique de confidentialit\u00e9"},"content":{"rendered":"\t\t<div data-elementor-type=\"wp-page\" data-elementor-id=\"1283\" class=\"elementor elementor-1283\">\n\t\t\t\t<div class=\"elementor-element elementor-element-c0740cf e-flex e-con-boxed e-con e-parent\" data-id=\"c0740cf\" data-element_type=\"container\" data-e-type=\"container\" data-settings=\"{&quot;background_background&quot;:&quot;classic&quot;}\">\n\t\t\t\t\t<div class=\"e-con-inner\">\n\t\t\t\t<div class=\"elementor-element elementor-element-21896dc elementor-widget elementor-widget-heading\" data-id=\"21896dc\" data-element_type=\"widget\" data-e-type=\"widget\" data-widget_type=\"heading.default\">\n\t\t\t\t<div class=\"elementor-widget-container\">\n\t\t\t\t\t<h2 class=\"elementor-heading-title elementor-size-default\">Politique de confidentialit\u00e9<\/h2>\t\t\t\t<\/div>\n\t\t\t\t<\/div>\n\t\t\t\t<div class=\"elementor-element elementor-element-fa2fa92 elementor-widget elementor-widget-text-editor\" data-id=\"fa2fa92\" data-element_type=\"widget\" data-e-type=\"widget\" data-widget_type=\"text-editor.default\">\n\t\t\t\t<div class=\"elementor-widget-container\">\n\t\t\t\t\t\t\t\t\t<p data-start=\"597\" data-end=\"708\">Ce site collecte uniquement les informations que vous transmettez volontairement via le formulaire de contact :<\/p><ul data-start=\"710\" data-end=\"759\"><li data-section-id=\"16a4les\" data-start=\"710\" data-end=\"717\">nom<\/li><li data-section-id=\"1les5a6\" data-start=\"718\" data-end=\"736\">adresse e-mail<\/li><li data-section-id=\"10uvbju\" data-start=\"737\" data-end=\"759\">contenu du message<\/li><\/ul><p data-start=\"761\" data-end=\"829\">Ces donn\u00e9es sont utilis\u00e9es uniquement pour r\u00e9pondre \u00e0 votre demande.<\/p><p data-start=\"831\" data-end=\"883\">Aucune donn\u00e9e n&rsquo;est vendue ou transmise \u00e0 des tiers.<\/p><p data-start=\"885\" data-end=\"1041\">Le serveur peut enregistrer temporairement certaines informations techniques (comme l&rsquo;adresse IP) pour assurer la s\u00e9curit\u00e9 et le bon fonctionnement du site.<\/p><p data-start=\"1043\" data-end=\"1164\">Conform\u00e9ment au RGPD, vous pouvez demander l&rsquo;acc\u00e8s, la modification ou la suppression de vos donn\u00e9es en me contactant via le formulaire.<\/p><p data-start=\"1192\" data-end=\"1232\">Derni\u00e8re mise \u00e0 jour : <strong data-start=\"1215\" data-end=\"1232\">29 avril 2026<\/strong><\/p>\t\t\t\t\t\t\t\t<\/div>\n\t\t\t\t<\/div>\n\t\t\t\t\t<\/div>\n\t\t\t\t<\/div>\n\t\t\t\t<\/div>\n\t\t","protected":false},"excerpt":{"rendered":"<p>Politique de confidentialit\u00e9 Ce site collecte uniquement les informations que vous transmettez volontairement via le formulaire de contact : nom adresse e-mail contenu du message Ces donn\u00e9es sont utilis\u00e9es uniquement pour r\u00e9pondre \u00e0 votre demande. Aucune donn\u00e9e n&rsquo;est vendue ou transmise \u00e0 des tiers. Le serveur peut enregistrer temporairement certaines informations techniques (comme l&rsquo;adresse IP) [&hellip;]<\/p>\n","protected":false},"author":1,"featured_media":0,"parent":0,"menu_order":0,"comment_status":"closed","ping_status":"closed","template":"","meta":{"footnotes":""},"class_list":["post-1283","page","type-page","status-publish","hentry","entry"],"_links":{"self":[{"href":"https:\/\/remifuret.fr\/index.php?rest_route=\/wp\/v2\/pages\/1283","targetHints":{"allow":["GET"]}}],"collection":[{"href":"https:\/\/remifuret.fr\/index.php?rest_route=\/wp\/v2\/pages"}],"about":[{"href":"https:\/\/remifuret.fr\/index.php?rest_route=\/wp\/v2\/types\/page"}],"author":[{"embeddable":true,"href":"https:\/\/remifuret.fr\/index.php?rest_route=\/wp\/v2\/users\/1"}],"replies":[{"embeddable":true,"href":"https:\/\/remifuret.fr\/index.php?rest_route=%2Fwp%2Fv2%2Fcomments&post=1283"}],"version-history":[{"count":14,"href":"https:\/\/remifuret.fr\/index.php?rest_route=\/wp\/v2\/pages\/1283\/revisions"}],"predecessor-version":[{"id":2080,"href":"https:\/\/remifuret.fr\/index.php?rest_route=\/wp\/v2\/pages\/1283\/revisions\/2080"}],"wp:attachment":[{"href":"https:\/\/remifuret.fr\/index.php?rest_route=%2Fwp%2Fv2%2Fmedia&parent=1283"}],"curies":[{"name":"wp","href":"https:\/\/api.w.org\/{rel}","templated":true}]}}